{"id":840,"date":"2023-03-15T09:13:28","date_gmt":"2023-03-15T08:13:28","guid":{"rendered":"https:\/\/hopetechnologie.fr\/?page_id=840"},"modified":"2023-03-15T09:24:58","modified_gmt":"2023-03-15T08:24:58","slug":"benefits","status":"publish","type":"page","link":"https:\/\/hopetechnologie.fr\/fr\/benefits\/","title":{"rendered":"Avantages"},"content":{"rendered":"<div data-elementor-type=\"wp-page\" data-elementor-id=\"840\" class=\"elementor elementor-840\">\n\t\t\t\t\t\t\t\t\t<section class=\"elementor-section elementor-top-section elementor-element elementor-element-db6bdba elementor-section-height-min-height elementor-section-stretched elementor-section-boxed elementor-section-height-default elementor-section-items-middle wd-section-disabled\" data-id=\"db6bdba\" data-element_type=\"section\" data-settings=\"{&quot;stretch_section&quot;:&quot;section-stretched&quot;,&quot;background_background&quot;:&quot;classic&quot;,&quot;shape_divider_bottom&quot;:&quot;triangle&quot;,&quot;shape_divider_bottom_negative&quot;:&quot;yes&quot;}\">\n\t\t\t\t\t\t\t<div class=\"elementor-background-overlay\"><\/div>\n\t\t\t\t\t\t<div class=\"elementor-shape elementor-shape-bottom\" data-negative=\"true\">\n\t\t\t<svg xmlns=\"http:\/\/www.w3.org\/2000\/svg\" viewbox=\"0 0 1000 100\" preserveaspectratio=\"none\">\n\t<path class=\"elementor-shape-fill\" d=\"M500.2,94.7L0,0v100h1000V0L500.2,94.7z\"\/>\n<\/svg>\t\t<\/div>\n\t\t\t\t\t<div class=\"elementor-container elementor-column-gap-default\">\n\t\t\t\t\t<div class=\"elementor-column elementor-col-50 elementor-top-column elementor-element elementor-element-aac1c8a\" data-id=\"aac1c8a\" data-element_type=\"column\" data-settings=\"{&quot;background_background&quot;:&quot;classic&quot;}\">\n\t\t\t<div class=\"elementor-widget-wrap elementor-element-populated\">\n\t\t\t\t\t\t\t\t<div class=\"elementor-element elementor-element-26d50ca elementor-widget elementor-widget-heading\" data-id=\"26d50ca\" data-element_type=\"widget\" data-widget_type=\"heading.default\">\n\t\t\t\t<div class=\"elementor-widget-container\">\n\t\t\t<style>\/*! elementor - v3.12.1 - 02-04-2023 *\/\n.elementor-heading-title{padding:0;margin:0;line-height:1}.elementor-widget-heading .elementor-heading-title[class*=elementor-size-]>a{color:inherit;font-size:inherit;line-height:inherit}.elementor-widget-heading .elementor-heading-title.elementor-size-small{font-size:15px}.elementor-widget-heading .elementor-heading-title.elementor-size-medium{font-size:19px}.elementor-widget-heading .elementor-heading-title.elementor-size-large{font-size:29px}.elementor-widget-heading .elementor-heading-title.elementor-size-xl{font-size:39px}.elementor-widget-heading .elementor-heading-title.elementor-size-xxl{font-size:59px}<\/style><h2 class=\"elementor-heading-title elementor-size-default\">Avantages<\/h2>\t\t<\/div>\n\t\t\t\t<\/div>\n\t\t\t\t<div class=\"elementor-element elementor-element-39b0c36 elementor-icon-list--layout-inline elementor-mobile-align-center elementor-list-item-link-full_width elementor-widget elementor-widget-icon-list\" data-id=\"39b0c36\" data-element_type=\"widget\" data-widget_type=\"icon-list.default\">\n\t\t\t\t<div class=\"elementor-widget-container\">\n\t\t\t<link rel=\"stylesheet\" href=\"https:\/\/hopetechnologie.fr\/wp-content\/uploads\/elementor\/css\/custom-widget-icon-list.min.css?ver=1736029869\">\t\t<ul class=\"elementor-icon-list-items elementor-inline-items\">\n\t\t\t\t\t\t\t<li class=\"elementor-icon-list-item elementor-inline-item\">\n\t\t\t\t\t\t\t\t\t\t\t<a href=\"https:\/\/hopetechnologie.fr\/fr\">\n\n\t\t\t\t\t\t\t\t\t\t\t<span class=\"elementor-icon-list-text\">Accueil<\/span>\n\t\t\t\t\t\t\t\t\t\t\t<\/a>\n\t\t\t\t\t\t\t\t\t<\/li>\n\t\t\t\t\t\t\t\t<li class=\"elementor-icon-list-item elementor-inline-item\">\n\t\t\t\t\t\t\t\t\t\t\t<a href=\"https:\/\/hopetechnologie.fr\/fr\/benefits\/\">\n\n\t\t\t\t\t\t\t\t\t\t\t\t<span class=\"elementor-icon-list-icon\">\n\t\t\t\t\t\t\t<i aria-hidden=\"true\" class=\"fas fa-chevron-right\"><\/i>\t\t\t\t\t\t<\/span>\n\t\t\t\t\t\t\t\t\t\t<span class=\"elementor-icon-list-text\">Avantages<\/span>\n\t\t\t\t\t\t\t\t\t\t\t<\/a>\n\t\t\t\t\t\t\t\t\t<\/li>\n\t\t\t\t\t\t<\/ul>\n\t\t\t\t<\/div>\n\t\t\t\t<\/div>\n\t\t\t\t\t<\/div>\n\t\t<\/div>\n\t\t\t\t<div class=\"elementor-column elementor-col-50 elementor-top-column elementor-element elementor-element-28e0a06\" data-id=\"28e0a06\" data-element_type=\"column\">\n\t\t\t<div class=\"elementor-widget-wrap\">\n\t\t\t\t\t\t\t\t\t<\/div>\n\t\t<\/div>\n\t\t\t\t\t\t\t<\/div>\n\t\t<\/section>\n\t\t\t\t<section class=\"wd-negative-gap elementor-section elementor-top-section elementor-element elementor-element-342981c elementor-section-boxed elementor-section-height-default elementor-section-height-default wd-section-disabled\" data-id=\"342981c\" data-element_type=\"section\">\n\t\t\t\t\t\t<div class=\"elementor-container elementor-column-gap-wide\">\n\t\t\t\t\t<div class=\"elementor-column elementor-col-100 elementor-top-column elementor-element elementor-element-9bc6a2f\" data-id=\"9bc6a2f\" data-element_type=\"column\">\n\t\t\t<div class=\"elementor-widget-wrap elementor-element-populated\">\n\t\t\t\t\t\t\t\t<div class=\"elementor-element elementor-element-27b206e elementor-cta--layout-image-left elementor-cta--tablet-layout-image-above elementor-cta--valign-middle elementor-cta--skin-classic elementor-animated-content elementor-bg-transform elementor-bg-transform-zoom-in elementor-widget elementor-widget-call-to-action\" data-id=\"27b206e\" data-element_type=\"widget\" data-widget_type=\"call-to-action.default\">\n\t\t\t\t<div class=\"elementor-widget-container\">\n\t\t\t<link rel=\"stylesheet\" href=\"https:\/\/hopetechnologie.fr\/wp-content\/uploads\/elementor\/css\/custom-pro-widget-call-to-action.min.css?ver=1736029896\">\t\t<div class=\"elementor-cta\">\n\t\t\t\t\t<div class=\"elementor-cta__bg-wrapper\">\n\t\t\t\t<div class=\"elementor-cta__bg elementor-bg\" style=\"background-image: url(https:\/\/hopetechnologie.fr\/wp-content\/uploads\/2023\/03\/lan-Photoroom-6.png);\"><\/div>\n\t\t\t\t<div class=\"elementor-cta__bg-overlay\"><\/div>\n\t\t\t<\/div>\n\t\t\t\t\t\t\t<div class=\"elementor-cta__content\">\n\t\t\t\t\n\t\t\t\t<h2 class=\"elementor-cta__title elementor-cta__content-item elementor-content-item\">Consommation<\/h2>\n\t\t\t\t\t\t\t\t\t<div class=\"elementor-cta__description elementor-cta__content-item elementor-content-item\">\n\t\t\t\t\t\tLa faible consommation d'\u00e9nergie est un aspect important de la conservation de l'\u00e9nergie. Il existe de nombreuses fa\u00e7ons de r\u00e9duire la consommation d'\u00e9nergie dans les foyers et les bureaux.  La r\u00e9duction de la consommation d'\u00e9nergie permet non seulement d'\u00e9conomiser de l'argent, mais aussi d'accro\u00eetre la s\u00e9curit\u00e9 \u00e9nerg\u00e9tique et de r\u00e9duire la pollution due aux sources d'\u00e9nergie non renouvelable. En effet, l'utilisation de notre climatiseur mobile, qui \u00e9conomise jusqu'\u00e0 75 % d'\u00e9nergie gr\u00e2ce \u00e0 une technologie d\u00e9velopp\u00e9e par HOPE Technologie, permet aux propri\u00e9taires d'acheter des syst\u00e8mes d'\u00e9nergie renouvelable plus petits et moins co\u00fbteux, tels que des syst\u00e8mes \u00e9lectriques solaires ou de petites turbines \u00e9oliennes. En conclusion, la faible consommation d'\u00e9nergie est un \u00e9l\u00e9ment essentiel de la conservation de l'\u00e9nergie. On peut y parvenir en utilisant des appareils plus \u00e9conomes tels que le climatiseur mobile HOPE Technologie , en \u00e9teignant les lumi\u00e8res lorsqu'on quitte une pi\u00e8ce et en d\u00e9branchant les appareils \u00e9lectroniques inutilis\u00e9s. Ces mesures simples permettent d'\u00e9conomiser de l'argent, d'accro\u00eetre la s\u00e9curit\u00e9 \u00e9nerg\u00e9tique, de r\u00e9duire la pollution et de pr\u00e9server les ressources \u00e9nerg\u00e9tiques non durables.\n\t\t\t\t\t<\/div>\n\t\t\t\t\n\t\t\t\t\t\t\t<\/div>\n\t\t\t\t\t\t<\/div>\n\t\t\t\t<\/div>\n\t\t\t\t<\/div>\n\t\t\t\t<div class=\"elementor-element elementor-element-568c298 elementor-cta--layout-image-right elementor-cta--tablet-layout-image-above elementor-cta--valign-middle elementor-cta--skin-classic elementor-animated-content elementor-bg-transform elementor-bg-transform-zoom-in elementor-widget elementor-widget-call-to-action\" data-id=\"568c298\" data-element_type=\"widget\" data-widget_type=\"call-to-action.default\">\n\t\t\t\t<div class=\"elementor-widget-container\">\n\t\t\t\t\t<div class=\"elementor-cta\">\n\t\t\t\t\t<div class=\"elementor-cta__bg-wrapper\">\n\t\t\t\t<div class=\"elementor-cta__bg elementor-bg\" style=\"background-image: url(https:\/\/hopetechnologie.fr\/wp-content\/uploads\/2023\/03\/img-Photoroom.png);\"><\/div>\n\t\t\t\t<div class=\"elementor-cta__bg-overlay\"><\/div>\n\t\t\t<\/div>\n\t\t\t\t\t\t\t<div class=\"elementor-cta__content\">\n\t\t\t\t\n\t\t\t\t<h2 class=\"elementor-cta__title elementor-cta__content-item elementor-content-item\">Mobilit\u00e9<\/h2>\n\t\t\t\t\t\t\t\t\t<div class=\"elementor-cta__description elementor-cta__content-item elementor-content-item\">\n\t\t\t\t\t\tLes climatiseurs mobiles produisent de la chaleur qui est \u00e9vacu\u00e9e par un tuyau reli\u00e9 \u00e0 une fen\u00eatre \u00e0 l'aide d'un kit de calfeutrage. Cependant, Hope Technologie a d\u00e9velopp\u00e9 une nouvelle technologie qui \u00e9limine le besoin d'un tube et d'un kit de calfeutrage, rendant les climatiseurs plus mobiles et vous permettant de placer votre climatiseur n'importe o\u00f9 sans n\u00e9cessairement \u00eatre \u00e0 proximit\u00e9 d'une fen\u00eatre. En choisissant notre climatiseur, vous aurez plus de libert\u00e9 pour maximiser l'espace dans un petit appartement. Parce qu'un espace de qualit\u00e9 \u00e0 la maison ou au travail se traduit par une atmosph\u00e8re moins stressante, plus productive et plus heureuse.\n\t\t\t\t\t<\/div>\n\t\t\t\t\n\t\t\t\t\t\t\t<\/div>\n\t\t\t\t\t\t<\/div>\n\t\t\t\t<\/div>\n\t\t\t\t<\/div>\n\t\t\t\t<div class=\"elementor-element elementor-element-06391f1 elementor-cta--layout-image-left elementor-cta--tablet-layout-image-above elementor-cta--valign-middle elementor-cta--skin-classic elementor-animated-content elementor-bg-transform elementor-bg-transform-zoom-in elementor-widget elementor-widget-call-to-action\" data-id=\"06391f1\" data-element_type=\"widget\" data-widget_type=\"call-to-action.default\">\n\t\t\t\t<div class=\"elementor-widget-container\">\n\t\t\t\t\t<div class=\"elementor-cta\">\n\t\t\t\t\t<div class=\"elementor-cta__bg-wrapper\">\n\t\t\t\t<div class=\"elementor-cta__bg elementor-bg\" style=\"background-image: url(https:\/\/hopetechnologie.fr\/wp-content\/uploads\/2023\/03\/ww-Photoroom-5.png);\"><\/div>\n\t\t\t\t<div class=\"elementor-cta__bg-overlay\"><\/div>\n\t\t\t<\/div>\n\t\t\t\t\t\t\t<div class=\"elementor-cta__content\">\n\t\t\t\t\n\t\t\t\t<h2 class=\"elementor-cta__title elementor-cta__content-item elementor-content-item\">Conception<\/h2>\n\t\t\t\t\t\t\t\t\t<div class=\"elementor-cta__description elementor-cta__content-item elementor-content-item\">\n\t\t\t\t\t\tNotre climatiseur mobile pr\u00e9sente un design compact avec une g\u00e9om\u00e9trie de pointe pour un look futuriste. Il est con\u00e7u pour \u00eatre pr\u00eat \u00e0 l'emploi, ce qui le rend facile \u00e0 installer et \u00e0 utiliser d\u00e8s sa sortie de l'emballage. L'\u00e9cran tactile permet une navigation intuitive et la personnalisation des param\u00e8tres, tandis que l'application pour smartphone offre encore plus de contr\u00f4le et de commodit\u00e9 en d\u00e9placement. Avec cet appareil, les utilisateurs peuvent profiter d'une exp\u00e9rience transparente qui allie un design \u00e9l\u00e9gant \u00e0 une technologie avanc\u00e9e.\n\t\t\t\t\t<\/div>\n\t\t\t\t\n\t\t\t\t\t\t\t<\/div>\n\t\t\t\t\t\t<\/div>\n\t\t\t\t<\/div>\n\t\t\t\t<\/div>\n\t\t\t\t<div class=\"elementor-element elementor-element-2390c7e elementor-cta--layout-image-right elementor-cta--tablet-layout-image-above elementor-cta--valign-middle elementor-cta--skin-classic elementor-animated-content elementor-bg-transform elementor-bg-transform-zoom-in elementor-widget elementor-widget-call-to-action\" data-id=\"2390c7e\" data-element_type=\"widget\" data-widget_type=\"call-to-action.default\">\n\t\t\t\t<div class=\"elementor-widget-container\">\n\t\t\t\t\t<div class=\"elementor-cta\">\n\t\t\t\t\t<div class=\"elementor-cta__bg-wrapper\">\n\t\t\t\t<div class=\"elementor-cta__bg elementor-bg\" style=\"background-image: url(https:\/\/hopetechnologie.fr\/wp-content\/uploads\/2023\/03\/xdf-Photoroom-3.png);\"><\/div>\n\t\t\t\t<div class=\"elementor-cta__bg-overlay\"><\/div>\n\t\t\t<\/div>\n\t\t\t\t\t\t\t<div class=\"elementor-cta__content\">\n\t\t\t\t\n\t\t\t\t<h2 class=\"elementor-cta__title elementor-cta__content-item elementor-content-item\">Eco-freindly<\/h2>\n\t\t\t\t\t\t\t\t\t<div class=\"elementor-cta__description elementor-cta__content-item elementor-content-item\">\n\t\t\t\t\t\tNotre climatiseur est un v\u00e9ritable outil \u00e9cologique par le gaz utilis\u00e9 et la consommation d'\u00e9nergie. En effet, la plupart des climatiseurs utilisent des fluides frigorig\u00e8nes qui entra\u00eenent des \u00e9missions de gaz contribuant au changement climatique. Or, notre climatiseur utilise un gaz qui n'a pas d'impact n\u00e9gatif sur l'environnement. En outre, les climatiseurs consomment g\u00e9n\u00e9ralement beaucoup d'\u00e9nergie, ce qui peut \u00e9galement contribuer aux probl\u00e8mes environnementaux. Notre climatiseur, en revanche, consomme tr\u00e8s peu d'\u00e9nergie, ce qui en fait une option respectueuse de l'environnement. En utilisant notre climatiseur \u00e9cologique, vous contribuez \u00e0 r\u00e9duire les \u00e9missions de gaz \u00e0 effet de serre et \u00e0 att\u00e9nuer les effets du changement climatique.\n\t\t\t\t\t<\/div>\n\t\t\t\t\n\t\t\t\t\t\t\t<\/div>\n\t\t\t\t\t\t<\/div>\n\t\t\t\t<\/div>\n\t\t\t\t<\/div>\n\t\t\t\t\t<\/div>\n\t\t<\/div>\n\t\t\t\t\t\t\t<\/div>\n\t\t<\/section>\n\t\t\t\t\t\t\t<\/div>","protected":false},"excerpt":{"rendered":"<p>Home Consumption Low energy consumption is an important aspect of energy conservation. There are many ways to reduce energy consumption<\/p>","protected":false},"author":1,"featured_media":0,"parent":0,"menu_order":0,"comment_status":"closed","ping_status":"closed","template":"","meta":{"footnotes":""},"class_list":["post-840","page","type-page","status-publish","hentry"],"_links":{"self":[{"href":"https:\/\/hopetechnologie.fr\/fr\/wp-json\/wp\/v2\/pages\/840","targetHints":{"allow":["GET"]}}],"collection":[{"href":"https:\/\/hopetechnologie.fr\/fr\/wp-json\/wp\/v2\/pages"}],"about":[{"href":"https:\/\/hopetechnologie.fr\/fr\/wp-json\/wp\/v2\/types\/page"}],"author":[{"embeddable":true,"href":"https:\/\/hopetechnologie.fr\/fr\/wp-json\/wp\/v2\/users\/1"}],"replies":[{"embeddable":true,"href":"https:\/\/hopetechnologie.fr\/fr\/wp-json\/wp\/v2\/comments?post=840"}],"version-history":[{"count":8,"href":"https:\/\/hopetechnologie.fr\/fr\/wp-json\/wp\/v2\/pages\/840\/revisions"}],"predecessor-version":[{"id":849,"href":"https:\/\/hopetechnologie.fr\/fr\/wp-json\/wp\/v2\/pages\/840\/revisions\/849"}],"wp:attachment":[{"href":"https:\/\/hopetechnologie.fr\/fr\/wp-json\/wp\/v2\/media?parent=840"}],"curies":[{"name":"wp","href":"https:\/\/api.w.org\/{rel}","templated":true}]}}