{"id":1358,"date":"2023-05-25T19:21:51","date_gmt":"2023-05-25T17:21:51","guid":{"rendered":"https:\/\/hopetechnologie.fr\/?post_type=product&#038;p=1358"},"modified":"2025-09-17T10:35:47","modified_gmt":"2025-09-17T08:35:47","slug":"mobile-air-conditioner-aly-pure","status":"publish","type":"product","link":"https:\/\/hopetechnologie.fr\/fr\/produit\/mobile-air-conditioner-aly-pure\/","title":{"rendered":"Mobile Air Conditioner Aly Pure"},"content":{"rendered":"<ul>\n<li>Le premier climatiseur vraiment mobile sans tuyau pour \u00e9vacuer la chaleur.<\/li>\n<li>Climatiseur 2 en 1 v\u00e9ritablement \u00e9cologique, il purifie et rafra\u00eechit l'air en consommant tr\u00e8s peu d'\u00e9nergie et en utilisant un gaz r\u00e9frig\u00e9rant neutre pour la nature.<\/li>\n<\/ul>\n<p>&nbsp;<\/p>\n<h2><strong>Consommation <\/strong><\/h2>\n<p><em>75% de consommation d'\u00e9nergie en moins <\/em><\/p>\n<p>Nos climatiseurs consomment en moyenne 75 % d'\u00e9nergie en moins que le climatiseur le moins \u00e9nergivore de la concurrence. Cela signifie une r\u00e9duction d'au moins cinq fois du montant de vos factures d'\u00e9lectricit\u00e9.<\/p>\n<p>&nbsp;<\/p>\n<h2><strong>\u00c9cologique\u00a0 <\/strong><\/h2>\n<p><em>Utiliser du gaz respectueux de l'environnement et consommer moins d'\u00e9nergie.<\/em><\/p>\n<p>Nos climatiseurs utilisent un gaz r\u00e9frig\u00e9rant qui n'a pas d'impact sur la couche d'ozone et qui a d'excellentes performances thermodynamiques. On peut donc dire qu'il s'agit de v\u00e9ritables climatiseurs \u00e9cologiques.<\/p>\n<p><strong>\u00a0<\/strong><\/p>\n<h2><strong>\u00c9vacuation <\/strong><\/h2>\n<p><em>Il ne n\u00e9cessite pas de tuyau d'\u00e9vacuation de l'air chaud.<\/em><\/p>\n<p>Nos climatiseurs mobiles n'ont pas de tuyau d'\u00e9vacuation pour l'air chaud \u00e9mis par le condenseur. Vous n'avez donc pas besoin d'un kit de calfeutrage et vous n'avez pas \u00e0 les placer pr\u00e8s d'une fen\u00eatre.<\/p>\n<p><strong>\u00a0<\/strong><\/p>\n<h2><strong>Maintenance <\/strong><\/h2>\n<p><em>Enti\u00e8rement r\u00e9parable. <\/em><\/p>\n<p>Toutes les pi\u00e8ces sont accessibles et disponibles sur notre site web ou sur le march\u00e9.<\/p>\n<p><strong>\u00a0<\/strong><\/p>\n<h2><strong>Plug&amp;Play <\/strong><\/h2>\n<p><em>Pas besoin d'un technicien<\/em><\/p>\n<p>Il suffit de le brancher sur une prise \u00e9lectrique pour qu'il fonctionne !<\/p>\n<p>&nbsp;<\/p>\n<h2><strong>Conception <\/strong><\/h2>\n<p>D'apparence simple, c'est l'un des climatiseurs les plus compacts du march\u00e9.<\/p>","protected":false},"excerpt":{"rendered":"<ul>\n<li>Le premier climatiseur vraiment mobile sans tuyau pour \u00e9vacuer la chaleur.<\/li>\n<li>Climatiseur 2 en 1 v\u00e9ritablement \u00e9cologique, il purifie et rafra\u00eechit l'air en consommant tr\u00e8s peu d'\u00e9nergie et en utilisant un gaz r\u00e9frig\u00e9rant neutre pour la nature.<\/li>\n<\/ul>","protected":false},"featured_media":1491,"comment_status":"open","ping_status":"closed","template":"","meta":[],"product_cat":[27],"product_tag":[],"class_list":["post-1358","product","type-product","status-publish","has-post-thumbnail","hentry","product_cat-portable-air-conditioners"],"_links":{"self":[{"href":"https:\/\/hopetechnologie.fr\/fr\/wp-json\/wp\/v2\/product\/1358","targetHints":{"allow":["GET"]}}],"collection":[{"href":"https:\/\/hopetechnologie.fr\/fr\/wp-json\/wp\/v2\/product"}],"about":[{"href":"https:\/\/hopetechnologie.fr\/fr\/wp-json\/wp\/v2\/types\/product"}],"replies":[{"embeddable":true,"href":"https:\/\/hopetechnologie.fr\/fr\/wp-json\/wp\/v2\/comments?post=1358"}],"wp:featuredmedia":[{"embeddable":true,"href":"https:\/\/hopetechnologie.fr\/fr\/wp-json\/wp\/v2\/media\/1491"}],"wp:attachment":[{"href":"https:\/\/hopetechnologie.fr\/fr\/wp-json\/wp\/v2\/media?parent=1358"}],"wp:term":[{"taxonomy":"product_cat","embeddable":true,"href":"https:\/\/hopetechnologie.fr\/fr\/wp-json\/wp\/v2\/product_cat?post=1358"},{"taxonomy":"product_tag","embeddable":true,"href":"https:\/\/hopetechnologie.fr\/fr\/wp-json\/wp\/v2\/product_tag?post=1358"}],"curies":[{"name":"wp","href":"https:\/\/api.w.org\/{rel}","templated":true}]}}